{"id":955,"date":"2024-03-06T15:14:42","date_gmt":"2024-03-06T14:14:42","guid":{"rendered":"https:\/\/www.m31.com\/?page_id=955"},"modified":"2024-03-06T15:22:47","modified_gmt":"2024-03-06T14:22:47","slug":"note-legali","status":"publish","type":"page","link":"https:\/\/www.m31.com\/?page_id=955","title":{"rendered":"Note Legali"},"content":{"rendered":"\n<div class=\"wp-block-group alignwide has-small-font-size has-global-padding is-layout-constrained wp-container-core-group-is-layout-55fee17a wp-block-group-is-layout-constrained\" style=\"min-height:0px;margin-top:0;margin-bottom:0;padding-top:0;padding-right:0;padding-bottom:0;padding-left:0\">\n<figure class=\"wp-block-image aligncenter size-full is-resized wp-duotone-duotone-1\"><img fetchpriority=\"high\" decoding=\"async\" width=\"512\" height=\"512\" src=\"http:\/\/www.m31.com\/wp-content\/uploads\/2024\/03\/justice.png\" alt=\"\" class=\"wp-image-960\" style=\"width:164px;height:auto\" srcset=\"https:\/\/www.m31.com\/wp-content\/uploads\/2024\/03\/justice.png 512w, https:\/\/www.m31.com\/wp-content\/uploads\/2024\/03\/justice-300x300.png 300w, https:\/\/www.m31.com\/wp-content\/uploads\/2024\/03\/justice-150x150.png 150w\" sizes=\"(max-width: 512px) 100vw, 512px\" \/><\/figure>\n\n\n\n<h1 class=\"wp-block-heading has-large-font-size\" style=\"padding-top:var(--wp--preset--spacing--20);font-style:normal;font-weight:300\">Modalit\u00e0 e condizioni di utilizzo del sito web<\/h1>\n\n\n\n<p>Chiunque acceda o utilizzi questo sito web accetta senza restrizioni di essere vincolato dalle condizioni qui specificate. Se non le accetta o non intende essere vincolato dalle stesse, non pu\u00f2 accedere, utilizzare o scaricare materiale da questo sito. In qualsiasi momento, M31 S.r.l. si riserva il diritto di aggiornare o variare le presenti condizioni e le modalit\u00e0 di utilizzo del sito web, senza alcun obbligo di preavviso. Nel caso di modifiche alle condizioni, l&#8217;accesso al sito web implica l&#8217;impegno a rispettare le condizioni cos\u00ec come modificate.<\/p>\n\n\n\n<h2 class=\"wp-block-heading has-large-font-size\" style=\"padding-top:var(--wp--preset--spacing--20);font-style:normal;font-weight:300\">Normativa applicabile<\/h2>\n\n\n\n<p>Tutti i contenuti pubblicati o presenti sul sito web, compresa la loro selezione e organizzazione, nonch\u00e9 la disposizione e il design del sito web, sono protetti dalla normativa sulla privacy (D.lgs. 30\/6\/2003, n. 196 e s.m.i.), dalla legge sul diritto d&#8217;autore (Legge 22\/4\/1941, n. 633, come modificata dal D.lgs. 29\/12\/1992 n. 518, sulla Tutela giuridica del software) e dalle altre normative nazionali e internazionali in materia di tutela della propriet\u00e0 intellettuale e industriale, loro modifiche e integrazioni.<\/p>\n\n\n\n<h2 class=\"wp-block-heading has-large-font-size\" style=\"padding-top:var(--wp--preset--spacing--20);font-style:normal;font-weight:300\">Titolarit\u00e0 dei diritti<\/h2>\n\n\n\n<p>Il presente sito web \u00e8 di titolarit\u00e0 e pertinenza esclusiva di M31 S.r.l. ed \u00e8 stata formalmente ottenuta l&#8217;attribuzione del nome a dominio internet, secondo le metodologie e procedure vigenti al momento della richiesta di assegnazione. I diritti sui Contenuti appartengono a M31 S.r.l.<\/p>\n\n\n\n<h2 class=\"wp-block-heading has-large-font-size\" style=\"padding-top:var(--wp--preset--spacing--20);font-style:normal;font-weight:300\">Copyright<\/h2>\n\n\n\n<p>Tutti i testi, la grafica e il software presenti all&#8217;interno di questo sito sono protetti ai sensi delle normative sul diritto d&#8217;autore, sui brevetti e su quelle relative alla propriet\u00e0 intellettuale. Ogni prodotto o societ\u00e0 menzionati in questo sito sono marchi dei rispettivi proprietari o titolari e possono essere protetti da brevetti e\/o copyright concessi o registrati dalle autorit\u00e0 preposte. Possono quindi essere scaricati o utilizzati solo per uso personale e non commerciale: pertanto nulla, neppure in parte, potr\u00e0 essere riprodotto, modificato o rivenduto per fini di lucro.<\/p>\n\n\n\n<h2 class=\"wp-block-heading has-large-font-size\" style=\"padding-top:var(--wp--preset--spacing--20);font-style:normal;font-weight:300\">Utilizzo del testo<\/h2>\n\n\n\n<p>In nessun caso M31 S.r.l. potr\u00e0 essere ritenuta responsabile dei danni di qualsiasi natura causati direttamente o indirettamente dall&#8217;accesso al sito, dall&#8217;utilizzo degli strumenti interattivi, dall&#8217;incapacit\u00e0 o impossibilit\u00e0 di accedervi, dall&#8217;utilizzo delle notizie in esso contenute. Sono consentite citazioni a titolo di cronaca o recensione se accompagnate dall&#8217;indicazione della fonte M31 S.r.l. e dalla sua Url. M31 S.r.l. si riserva il diritto di riprodurre i testi in altre pubblicazioni. M31 S.r.l. si riserva il diritto di modificare i contenuti del sito e delle note legali in qualsiasi momento e senza alcun preavviso.<\/p>\n\n\n\n<h2 class=\"wp-block-heading has-large-font-size\" style=\"padding-top:var(--wp--preset--spacing--20);font-style:normal;font-weight:300\">Accesso a siti esterni collegati<\/h2>\n\n\n\n<p>M31 S.r.l. non ha alcuna responsabilit\u00e0 per quanto riguarda i siti ai quali \u00e8 possibile accedere tramite i collegamenti posti all&#8217;interno del sito stesso, forniti come semplice servizio agli utenti della rete. Questi collegamenti non implicano l&#8217;approvazione dei siti stessi, sulla cui qualit\u00e0, contenuti e grafica M31 S.r.l. declina ogni responsabilit\u00e0. Pertanto, della completezza e precisione delle informazioni, dei software e\/o dei plugin proposti sono da ritenersi responsabili i soggetti titolari dei siti ai quali si accede alle condizioni dagli stessi previste.<\/p>\n\n\n\n<h2 class=\"wp-block-heading has-large-font-size\" style=\"padding-top:var(--wp--preset--spacing--20);font-style:normal;font-weight:300\">Download<\/h2>\n\n\n\n<p>I documenti presenti in questo sito per lo scaricamento, quali ad esempio documentazione tecnica, documentazione commerciale, software ecc., salvo diversa indicazione, sono liberamente e gratuitamente disponibili. In caso contrario viene prodotto un avviso come premessa nell&#8217;uso degli stessi. Quanto reperibile via download in questo sito pu\u00f2 essere coperto da copyright, diritti d&#8217;uso e\/o copia dei rispettivi proprietari.<\/p>\n\n\n\n<div style=\"height:57px\" aria-hidden=\"true\" class=\"wp-block-spacer\"><\/div>\n<\/div>\n\n\n\n<div class=\"wp-block-cover alignfull is-light has-parallax\" style=\"margin-top:0;margin-bottom:0;padding-top:var(--wp--preset--spacing--50);padding-right:var(--wp--preset--spacing--50);padding-bottom:var(--wp--preset--spacing--50);padding-left:var(--wp--preset--spacing--50)\"><span aria-hidden=\"true\" class=\"wp-block-cover__background has-base-background-color has-background-dim-0 has-background-dim\"><\/span><div role=\"img\" class=\"wp-block-cover__image-background wp-image-956 has-parallax\" style=\"background-position:50% 50%;background-image:url(http:\/\/www.m31.com\/wp-content\/uploads\/2024\/03\/toomas-tartes-Yizrl9N_eDA-unsplash-scaled.jpg)\"><\/div><div class=\"wp-block-cover__inner-container has-global-padding is-layout-constrained wp-container-core-cover-is-layout-fdf6a232 wp-block-cover-is-layout-constrained\">\n<div style=\"height:150px\" aria-hidden=\"true\" class=\"wp-block-spacer\"><\/div>\n<\/div><\/div>\n","protected":false},"excerpt":{"rendered":"<p>Modalit\u00e0 e condizioni di utilizzo del sito web Chiunque acceda o utilizzi questo sito web accetta senza restrizioni di essere vincolato dalle condizioni qui specificate. Se non le accetta o non intende essere vincolato dalle stesse, non pu\u00f2 accedere, utilizzare o scaricare materiale da questo sito. In qualsiasi momento, M31 S.r.l. si riserva il diritto [&hellip;]<\/p>\n","protected":false},"author":1,"featured_media":0,"parent":0,"menu_order":0,"comment_status":"closed","ping_status":"closed","template":"","meta":{"_themeisle_gutenberg_block_has_review":false,"footnotes":""},"class_list":["post-955","page","type-page","status-publish","hentry"],"yoast_head":"<!-- This site is optimized with the Yoast SEO plugin v27.3 - https:\/\/yoast.com\/product\/yoast-seo-wordpress\/ -->\n<title>Note Legali - M31<\/title>\n<meta name=\"robots\" content=\"index, follow, max-snippet:-1, max-image-preview:large, max-video-preview:-1\" \/>\n<link rel=\"canonical\" href=\"https:\/\/www.m31.com\/?page_id=955\" \/>\n<meta property=\"og:locale\" content=\"it_IT\" \/>\n<meta property=\"og:type\" content=\"article\" \/>\n<meta property=\"og:title\" content=\"Note Legali - M31\" \/>\n<meta property=\"og:description\" content=\"Modalit\u00e0 e condizioni di utilizzo del sito web Chiunque acceda o utilizzi questo sito web accetta senza restrizioni di essere vincolato dalle condizioni qui specificate. Se non le accetta o non intende essere vincolato dalle stesse, non pu\u00f2 accedere, utilizzare o scaricare materiale da questo sito. In qualsiasi momento, M31 S.r.l. si riserva il diritto [&hellip;]\" \/>\n<meta property=\"og:url\" content=\"https:\/\/www.m31.com\/?page_id=955\" \/>\n<meta property=\"og:site_name\" content=\"M31\" \/>\n<meta property=\"article:modified_time\" content=\"2024-03-06T14:22:47+00:00\" \/>\n<meta property=\"og:image\" content=\"http:\/\/www.m31.com\/wp-content\/uploads\/2024\/03\/justice.png\" \/>\n<meta name=\"twitter:card\" content=\"summary_large_image\" \/>\n<meta name=\"twitter:label1\" content=\"Tempo di lettura stimato\" \/>\n\t<meta name=\"twitter:data1\" content=\"4 minuti\" \/>\n<script type=\"application\/ld+json\" class=\"yoast-schema-graph\">{\"@context\":\"https:\\\/\\\/schema.org\",\"@graph\":[{\"@type\":\"WebPage\",\"@id\":\"https:\\\/\\\/www.m31.com\\\/?page_id=955\",\"url\":\"https:\\\/\\\/www.m31.com\\\/?page_id=955\",\"name\":\"Note Legali - M31\",\"isPartOf\":{\"@id\":\"https:\\\/\\\/www.m31.com\\\/#website\"},\"primaryImageOfPage\":{\"@id\":\"https:\\\/\\\/www.m31.com\\\/?page_id=955#primaryimage\"},\"image\":{\"@id\":\"https:\\\/\\\/www.m31.com\\\/?page_id=955#primaryimage\"},\"thumbnailUrl\":\"http:\\\/\\\/www.m31.com\\\/wp-content\\\/uploads\\\/2024\\\/03\\\/justice.png\",\"datePublished\":\"2024-03-06T14:14:42+00:00\",\"dateModified\":\"2024-03-06T14:22:47+00:00\",\"breadcrumb\":{\"@id\":\"https:\\\/\\\/www.m31.com\\\/?page_id=955#breadcrumb\"},\"inLanguage\":\"it-IT\",\"potentialAction\":[{\"@type\":\"ReadAction\",\"target\":[\"https:\\\/\\\/www.m31.com\\\/?page_id=955\"]}]},{\"@type\":\"ImageObject\",\"inLanguage\":\"it-IT\",\"@id\":\"https:\\\/\\\/www.m31.com\\\/?page_id=955#primaryimage\",\"url\":\"https:\\\/\\\/www.m31.com\\\/wp-content\\\/uploads\\\/2024\\\/03\\\/justice.png\",\"contentUrl\":\"https:\\\/\\\/www.m31.com\\\/wp-content\\\/uploads\\\/2024\\\/03\\\/justice.png\",\"width\":512,\"height\":512},{\"@type\":\"BreadcrumbList\",\"@id\":\"https:\\\/\\\/www.m31.com\\\/?page_id=955#breadcrumb\",\"itemListElement\":[{\"@type\":\"ListItem\",\"position\":1,\"name\":\"Home\",\"item\":\"https:\\\/\\\/www.m31.com\\\/\"},{\"@type\":\"ListItem\",\"position\":2,\"name\":\"Note Legali\"}]},{\"@type\":\"WebSite\",\"@id\":\"https:\\\/\\\/www.m31.com\\\/#website\",\"url\":\"https:\\\/\\\/www.m31.com\\\/\",\"name\":\"M31\",\"description\":\"With You. Beyond.\",\"publisher\":{\"@id\":\"https:\\\/\\\/www.m31.com\\\/#organization\"},\"potentialAction\":[{\"@type\":\"SearchAction\",\"target\":{\"@type\":\"EntryPoint\",\"urlTemplate\":\"https:\\\/\\\/www.m31.com\\\/?s={search_term_string}\"},\"query-input\":{\"@type\":\"PropertyValueSpecification\",\"valueRequired\":true,\"valueName\":\"search_term_string\"}}],\"inLanguage\":\"it-IT\"},{\"@type\":\"Organization\",\"@id\":\"https:\\\/\\\/www.m31.com\\\/#organization\",\"name\":\"M31\",\"url\":\"https:\\\/\\\/www.m31.com\\\/\",\"logo\":{\"@type\":\"ImageObject\",\"inLanguage\":\"it-IT\",\"@id\":\"https:\\\/\\\/www.m31.com\\\/#\\\/schema\\\/logo\\\/image\\\/\",\"url\":\"https:\\\/\\\/www.m31.com\\\/wp-content\\\/uploads\\\/2024\\\/03\\\/m31logo2024.png\",\"contentUrl\":\"https:\\\/\\\/www.m31.com\\\/wp-content\\\/uploads\\\/2024\\\/03\\\/m31logo2024.png\",\"width\":500,\"height\":625,\"caption\":\"M31\"},\"image\":{\"@id\":\"https:\\\/\\\/www.m31.com\\\/#\\\/schema\\\/logo\\\/image\\\/\"},\"sameAs\":[\"https:\\\/\\\/www.linkedin.com\\\/company\\\/m31tech\\\/\"]}]}<\/script>\n<!-- \/ Yoast SEO plugin. -->","yoast_head_json":{"title":"Note Legali - M31","robots":{"index":"index","follow":"follow","max-snippet":"max-snippet:-1","max-image-preview":"max-image-preview:large","max-video-preview":"max-video-preview:-1"},"canonical":"https:\/\/www.m31.com\/?page_id=955","og_locale":"it_IT","og_type":"article","og_title":"Note Legali - M31","og_description":"Modalit\u00e0 e condizioni di utilizzo del sito web Chiunque acceda o utilizzi questo sito web accetta senza restrizioni di essere vincolato dalle condizioni qui specificate. Se non le accetta o non intende essere vincolato dalle stesse, non pu\u00f2 accedere, utilizzare o scaricare materiale da questo sito. In qualsiasi momento, M31 S.r.l. si riserva il diritto [&hellip;]","og_url":"https:\/\/www.m31.com\/?page_id=955","og_site_name":"M31","article_modified_time":"2024-03-06T14:22:47+00:00","og_image":[{"url":"http:\/\/www.m31.com\/wp-content\/uploads\/2024\/03\/justice.png","type":"","width":"","height":""}],"twitter_card":"summary_large_image","twitter_misc":{"Tempo di lettura stimato":"4 minuti"},"schema":{"@context":"https:\/\/schema.org","@graph":[{"@type":"WebPage","@id":"https:\/\/www.m31.com\/?page_id=955","url":"https:\/\/www.m31.com\/?page_id=955","name":"Note Legali - M31","isPartOf":{"@id":"https:\/\/www.m31.com\/#website"},"primaryImageOfPage":{"@id":"https:\/\/www.m31.com\/?page_id=955#primaryimage"},"image":{"@id":"https:\/\/www.m31.com\/?page_id=955#primaryimage"},"thumbnailUrl":"http:\/\/www.m31.com\/wp-content\/uploads\/2024\/03\/justice.png","datePublished":"2024-03-06T14:14:42+00:00","dateModified":"2024-03-06T14:22:47+00:00","breadcrumb":{"@id":"https:\/\/www.m31.com\/?page_id=955#breadcrumb"},"inLanguage":"it-IT","potentialAction":[{"@type":"ReadAction","target":["https:\/\/www.m31.com\/?page_id=955"]}]},{"@type":"ImageObject","inLanguage":"it-IT","@id":"https:\/\/www.m31.com\/?page_id=955#primaryimage","url":"https:\/\/www.m31.com\/wp-content\/uploads\/2024\/03\/justice.png","contentUrl":"https:\/\/www.m31.com\/wp-content\/uploads\/2024\/03\/justice.png","width":512,"height":512},{"@type":"BreadcrumbList","@id":"https:\/\/www.m31.com\/?page_id=955#breadcrumb","itemListElement":[{"@type":"ListItem","position":1,"name":"Home","item":"https:\/\/www.m31.com\/"},{"@type":"ListItem","position":2,"name":"Note Legali"}]},{"@type":"WebSite","@id":"https:\/\/www.m31.com\/#website","url":"https:\/\/www.m31.com\/","name":"M31","description":"With You. Beyond.","publisher":{"@id":"https:\/\/www.m31.com\/#organization"},"potentialAction":[{"@type":"SearchAction","target":{"@type":"EntryPoint","urlTemplate":"https:\/\/www.m31.com\/?s={search_term_string}"},"query-input":{"@type":"PropertyValueSpecification","valueRequired":true,"valueName":"search_term_string"}}],"inLanguage":"it-IT"},{"@type":"Organization","@id":"https:\/\/www.m31.com\/#organization","name":"M31","url":"https:\/\/www.m31.com\/","logo":{"@type":"ImageObject","inLanguage":"it-IT","@id":"https:\/\/www.m31.com\/#\/schema\/logo\/image\/","url":"https:\/\/www.m31.com\/wp-content\/uploads\/2024\/03\/m31logo2024.png","contentUrl":"https:\/\/www.m31.com\/wp-content\/uploads\/2024\/03\/m31logo2024.png","width":500,"height":625,"caption":"M31"},"image":{"@id":"https:\/\/www.m31.com\/#\/schema\/logo\/image\/"},"sameAs":["https:\/\/www.linkedin.com\/company\/m31tech\/"]}]}},"_links":{"self":[{"href":"https:\/\/www.m31.com\/index.php?rest_route=\/wp\/v2\/pages\/955","targetHints":{"allow":["GET"]}}],"collection":[{"href":"https:\/\/www.m31.com\/index.php?rest_route=\/wp\/v2\/pages"}],"about":[{"href":"https:\/\/www.m31.com\/index.php?rest_route=\/wp\/v2\/types\/page"}],"author":[{"embeddable":true,"href":"https:\/\/www.m31.com\/index.php?rest_route=\/wp\/v2\/users\/1"}],"replies":[{"embeddable":true,"href":"https:\/\/www.m31.com\/index.php?rest_route=%2Fwp%2Fv2%2Fcomments&post=955"}],"version-history":[{"count":3,"href":"https:\/\/www.m31.com\/index.php?rest_route=\/wp\/v2\/pages\/955\/revisions"}],"predecessor-version":[{"id":962,"href":"https:\/\/www.m31.com\/index.php?rest_route=\/wp\/v2\/pages\/955\/revisions\/962"}],"wp:attachment":[{"href":"https:\/\/www.m31.com\/index.php?rest_route=%2Fwp%2Fv2%2Fmedia&parent=955"}],"curies":[{"name":"wp","href":"https:\/\/api.w.org\/{rel}","templated":true}]}}