{"id":152,"date":"2024-02-18T22:17:58","date_gmt":"2024-02-18T21:17:58","guid":{"rendered":"http:\/\/webtest.m31.com:8000\/?page_id=152"},"modified":"2024-02-28T18:01:52","modified_gmt":"2024-02-28T17:01:52","slug":"il-tuo-progetto","status":"publish","type":"page","link":"https:\/\/www.m31.com\/?page_id=152","title":{"rendered":"Il tuo Progetto"},"content":{"rendered":"\n<div class=\"wp-block-group alignfull has-accent-2-background-color has-background is-layout-flow wp-block-group-is-layout-flow\" style=\"margin-top:0;margin-bottom:0;padding-top:0;padding-right:var(--wp--preset--spacing--50);padding-bottom:0;padding-left:var(--wp--preset--spacing--50)\">\n<p class=\"has-text-align-center has-medium-font-size\" style=\"margin-right:0;margin-left:0;padding-top:0;padding-right:0;padding-bottom:0;padding-left:0;font-style:normal;font-weight:300;line-height:1.4\">In M31 viviamo di progettazione: se hai in mente un&#8217;idea, se hai identificato un problema da risolvere, un obiettivo da raggiungere, investi mezza giornata del tuo tempo e vieni a conoscerci, ti dedicheremo il massimo del nostro ascolto per capire se possiamo intraprendere un percorso di sviluppo insieme. <\/p>\n\n\n\n<div style=\"height:23px\" aria-hidden=\"true\" class=\"wp-block-spacer\"><\/div>\n<\/div>\n\n\n\n<div class=\"wp-block-cover alignfull has-parallax\" style=\"margin-top:0;margin-bottom:0;padding-top:0;padding-right:0;padding-bottom:0;padding-left:0;min-height:376px;aspect-ratio:unset;\"><span aria-hidden=\"true\" class=\"wp-block-cover__background has-base-background-color has-background-dim-0 has-background-dim\"><\/span><div role=\"img\" class=\"wp-block-cover__image-background wp-image-161 has-parallax\" style=\"background-position:50% 50%;background-image:url(http:\/\/www.m31.com\/wp-content\/uploads\/2024\/02\/hunter-haley-s8OO2-t-HmQ-unsplash-edited-1-scaled.jpg)\"><\/div><div class=\"wp-block-cover__inner-container has-global-padding is-layout-constrained wp-container-core-cover-is-layout-74935142 wp-block-cover-is-layout-constrained\">\n<div style=\"margin-top:0;margin-bottom:0;height:138px\" aria-hidden=\"true\" class=\"wp-block-spacer\"><\/div>\n<\/div><\/div>\n\n\n\n<div class=\"wp-block-group alignfull has-global-padding is-layout-constrained wp-container-core-group-is-layout-867c3d7b wp-block-group-is-layout-constrained\" style=\"margin-top:0;margin-bottom:0;padding-top:var(--wp--preset--spacing--30);padding-right:var(--wp--preset--spacing--30);padding-bottom:var(--wp--preset--spacing--30);padding-left:var(--wp--preset--spacing--30)\">\n<div class=\"wp-block-group is-vertical is-content-justification-center is-layout-flex wp-container-core-group-is-layout-ce155fab wp-block-group-is-layout-flex\">\n<h2 class=\"wp-block-heading has-text-align-center\" style=\"font-size:clamp(1.502rem, 1.502rem + ((1vw - 0.2rem) * 1.663), 2.5rem);font-style:normal;font-weight:100\">Il nostro Approccio<\/h2>\n\n\n\n<p class=\"has-text-align-center\" style=\"font-style:normal;font-weight:300;line-height:1.4\">Per quanto nuovo e inesplorato, M31 costruisce ogni percorso seguendo un processo preciso e strutturato, in modo da ridurre il pi\u00f9 possibile i rischi e gli imprevisti dell&#8217;esplorazione stessa.<\/p>\n<\/div>\n\n\n\n<div style=\"height:var(--wp--preset--spacing--30)\" aria-hidden=\"true\" class=\"wp-block-spacer\"><\/div>\n\n\n\n<div class=\"wp-block-columns alignwide is-layout-flex wp-container-core-columns-is-layout-f1c17ee5 wp-block-columns-is-layout-flex\" style=\"padding-right:0;padding-left:0\">\n<div class=\"wp-block-column is-layout-flow wp-block-column-is-layout-flow\">\n<figure class=\"wp-block-image aligncenter size-thumbnail is-resized is-style-default wp-duotone-duotone-1\"><img decoding=\"async\" width=\"150\" height=\"150\" src=\"http:\/\/www.m31.com\/wp-content\/uploads\/2024\/02\/compass-1-150x150.png\" alt=\"\" class=\"wp-image-156\" style=\"aspect-ratio:1;object-fit:cover;width:100px\" srcset=\"https:\/\/www.m31.com\/wp-content\/uploads\/2024\/02\/compass-1-150x150.png 150w, https:\/\/www.m31.com\/wp-content\/uploads\/2024\/02\/compass-1-300x300.png 300w, https:\/\/www.m31.com\/wp-content\/uploads\/2024\/02\/compass-1.png 512w\" sizes=\"(max-width: 150px) 100vw, 150px\" \/><\/figure>\n\n\n\n<div class=\"wp-block-group is-vertical is-content-justification-center is-nowrap is-layout-flex wp-container-core-group-is-layout-21d4e958 wp-block-group-is-layout-flex\">\n<p class=\"has-text-align-center has-small-font-size\"><strong>F1 &#8211; Esplorazione<\/strong><\/p>\n\n\n\n<p class=\"has-text-align-center has-small-font-size\" style=\"font-style:normal;font-weight:300;line-height:1.4\">E&#8217; la fase che cuba il minimo del costo e serve a ridurre il massimo dei rischi e degli imprevisti. Si costruiscono le migliori ipotesi per raggiungere il risultato e si sceglie il miglior percorso: obiettivi, tempi, costi.<\/p>\n<\/div>\n<\/div>\n\n\n\n<div class=\"wp-block-column is-layout-flow wp-block-column-is-layout-flow\">\n<figure class=\"wp-block-image aligncenter size-full is-resized is-style-default wp-duotone-duotone-1\"><img fetchpriority=\"high\" decoding=\"async\" width=\"512\" height=\"512\" src=\"http:\/\/www.m31.com\/wp-content\/uploads\/2024\/02\/build.png\" alt=\"\" class=\"wp-image-154\" style=\"aspect-ratio:1;object-fit:cover;width:100px\" srcset=\"https:\/\/www.m31.com\/wp-content\/uploads\/2024\/02\/build.png 512w, https:\/\/www.m31.com\/wp-content\/uploads\/2024\/02\/build-300x300.png 300w, https:\/\/www.m31.com\/wp-content\/uploads\/2024\/02\/build-150x150.png 150w\" sizes=\"(max-width: 512px) 100vw, 512px\" \/><\/figure>\n\n\n\n<div class=\"wp-block-group is-vertical is-content-justification-center is-nowrap is-layout-flex wp-container-core-group-is-layout-63bfd6c1 wp-block-group-is-layout-flex\">\n<p class=\"has-text-align-center has-small-font-size\"><strong>F2 &#8211; Sviluppo e Test<\/strong><\/p>\n\n\n\n<p class=\"has-text-align-center has-small-font-size\" style=\"font-style:normal;font-weight:300;line-height:1.4\">Scelto il percorso progettuale, in questa fase si sviluppa il prodotto vero e proprio, attraverso una serie di iterazioni seguendo la nostra metodologia di derivazione SCRUM. Arrivano i primi prototipi.<\/p>\n<\/div>\n<\/div>\n\n\n\n<div class=\"wp-block-column is-layout-flow wp-block-column-is-layout-flow\">\n<figure class=\"wp-block-image aligncenter size-full is-resized is-style-default wp-duotone-duotone-1\"><img decoding=\"async\" width=\"512\" height=\"512\" src=\"http:\/\/www.m31.com\/wp-content\/uploads\/2024\/02\/design-team.png\" alt=\"\" class=\"wp-image-157\" style=\"aspect-ratio:1;object-fit:cover;width:100px\" srcset=\"https:\/\/www.m31.com\/wp-content\/uploads\/2024\/02\/design-team.png 512w, https:\/\/www.m31.com\/wp-content\/uploads\/2024\/02\/design-team-300x300.png 300w, https:\/\/www.m31.com\/wp-content\/uploads\/2024\/02\/design-team-150x150.png 150w\" sizes=\"(max-width: 512px) 100vw, 512px\" \/><\/figure>\n\n\n\n<div class=\"wp-block-group is-vertical is-content-justification-center is-nowrap is-layout-flex wp-container-core-group-is-layout-63bfd6c1 wp-block-group-is-layout-flex\">\n<p class=\"has-text-align-center has-small-font-size\"><strong>F3 &#8211; Industrializzazione<\/strong><\/p>\n\n\n\n<p class=\"has-text-align-center has-small-font-size\" style=\"font-style:normal;font-weight:300;line-height:1.4\">Durante questa fase si mette a punto il progetto per fare in modo che sia ingegnerizzato ed industrializzato &#8211; ottenendo le migliori performance ai costi pi\u00f9 contenuti e irrobustendo il prodotto per il futuro lancio sul mercato o produzione di serie.<\/p>\n<\/div>\n<\/div>\n\n\n\n<div class=\"wp-block-column is-layout-flow wp-block-column-is-layout-flow\">\n<figure class=\"wp-block-image aligncenter size-full is-resized is-style-default wp-duotone-duotone-1\"><img loading=\"lazy\" decoding=\"async\" width=\"512\" height=\"512\" src=\"http:\/\/www.m31.com\/wp-content\/uploads\/2024\/02\/certificate.png\" alt=\"\" class=\"wp-image-158\" style=\"aspect-ratio:1;object-fit:cover;width:100px\" srcset=\"https:\/\/www.m31.com\/wp-content\/uploads\/2024\/02\/certificate.png 512w, https:\/\/www.m31.com\/wp-content\/uploads\/2024\/02\/certificate-300x300.png 300w, https:\/\/www.m31.com\/wp-content\/uploads\/2024\/02\/certificate-150x150.png 150w\" sizes=\"(max-width: 512px) 100vw, 512px\" \/><\/figure>\n\n\n\n<div class=\"wp-block-group is-vertical is-content-justification-center is-nowrap is-layout-flex wp-container-core-group-is-layout-21d4e958 wp-block-group-is-layout-flex\">\n<p class=\"has-text-align-center has-small-font-size\"><strong>F4 &#8211; Certificazione<\/strong><\/p>\n\n\n\n<p class=\"has-text-align-center has-small-font-size\" style=\"font-style:normal;font-weight:300;line-height:1.4\">Ottenimento delle certificazioni di riferimento per il mercato cui il prodotto o servizio \u00e8 destinato &#8211; chiusura della documentazione tecnica e della fase progettuale.<\/p>\n<\/div>\n<\/div>\n\n\n\n<div class=\"wp-block-column is-layout-flow wp-block-column-is-layout-flow\">\n<figure class=\"wp-block-image aligncenter size-full is-resized is-style-default wp-duotone-duotone-1\"><img loading=\"lazy\" decoding=\"async\" width=\"512\" height=\"512\" src=\"http:\/\/www.m31.com\/wp-content\/uploads\/2024\/02\/box.png\" alt=\"\" class=\"wp-image-162\" style=\"aspect-ratio:1;object-fit:cover;width:100px\" srcset=\"https:\/\/www.m31.com\/wp-content\/uploads\/2024\/02\/box.png 512w, https:\/\/www.m31.com\/wp-content\/uploads\/2024\/02\/box-300x300.png 300w, https:\/\/www.m31.com\/wp-content\/uploads\/2024\/02\/box-150x150.png 150w\" sizes=\"(max-width: 512px) 100vw, 512px\" \/><\/figure>\n\n\n\n<div class=\"wp-block-group is-vertical is-content-justification-center is-nowrap is-layout-flex wp-container-core-group-is-layout-21d4e958 wp-block-group-is-layout-flex\">\n<p class=\"has-text-align-center has-small-font-size\"><strong>F5 &#8211; Produzione<\/strong><\/p>\n\n\n\n<p class=\"has-text-align-center has-small-font-size\" style=\"font-style:normal;font-weight:300;line-height:1.4\">Consegna al Cliente del prodotto o servizio pronto per l&#8217;immissione nel mercato.<\/p>\n<\/div>\n<\/div>\n<\/div>\n<\/div>\n\n\n\n<div class=\"wp-block-cover alignfull has-parallax\" style=\"margin-top:0;margin-bottom:0;padding-top:0;padding-right:0;padding-bottom:0;padding-left:0;min-height:50vh;aspect-ratio:unset;\"><span aria-hidden=\"true\" class=\"wp-block-cover__background has-base-background-color has-background-dim-0 has-background-dim\"><\/span><div role=\"img\" class=\"wp-block-cover__image-background wp-image-163 has-parallax\" style=\"background-position:50% 50%;background-image:url(http:\/\/www.m31.com\/wp-content\/uploads\/2024\/02\/lili-popper-lu15z1m_KfM-unsplash-scaled.jpg)\"><\/div><div class=\"wp-block-cover__inner-container has-global-padding is-layout-constrained wp-container-core-cover-is-layout-74935142 wp-block-cover-is-layout-constrained\">\n<div style=\"margin-top:0;margin-bottom:0;height:138px\" aria-hidden=\"true\" class=\"wp-block-spacer\"><\/div>\n<\/div><\/div>\n\n\n\n<div class=\"wp-block-group alignfull has-base-2-background-color has-background has-medium-font-size has-global-padding is-layout-constrained wp-container-core-group-is-layout-e170f89d wp-block-group-is-layout-constrained\" style=\"margin-top:0;margin-bottom:0;padding-top:0;padding-right:var(--wp--preset--spacing--40);padding-bottom:0;padding-left:var(--wp--preset--spacing--40)\">\n<div class=\"wp-block-group alignwide is-layout-flow wp-container-core-group-is-layout-d19224dc wp-block-group-is-layout-flow\" style=\"padding-top:var(--wp--preset--spacing--40);padding-right:var(--wp--preset--spacing--20);padding-bottom:var(--wp--preset--spacing--40);padding-left:var(--wp--preset--spacing--20)\">\n<p class=\"has-text-align-center\" style=\"font-size:clamp(1.039rem, 1.039rem + ((1vw - 0.2rem) * 0.935), 1.6rem);font-style:normal;font-weight:100;line-height:1.1\"><a href=\"http:\/\/www.m31.com\/?page_id=200\" data-type=\"page\" data-id=\"200\">Entra in contatto<\/a> con noi e parlaci della tua sfida &#8211; il nostro team di esplorazione \u00e8 sempre a disposizione per valutare nuovi percorsi.<\/p>\n<\/div>\n<\/div>\n\n\n\n<div class=\"wp-block-group alignfull has-base-2-color has-contrast-background-color has-text-color has-background has-link-color wp-elements-f55d3e8b8411cdfad1f7306e05c037bd is-layout-flow wp-block-group-is-layout-flow\" style=\"margin-top:0;margin-bottom:0;padding-top:var(--wp--preset--spacing--40);padding-right:var(--wp--preset--spacing--50);padding-bottom:var(--wp--preset--spacing--40);padding-left:var(--wp--preset--spacing--50)\">\n<div class=\"wp-block-columns alignwide is-layout-flex wp-container-core-columns-is-layout-30cd009e wp-block-columns-is-layout-flex\">\n<div class=\"wp-block-column is-vertically-aligned-stretch is-layout-flow wp-block-column-is-layout-flow\" style=\"padding-right:0;flex-basis:50%\">\n<div class=\"wp-block-group has-global-padding is-layout-constrained wp-block-group-is-layout-constrained\">\n<div class=\"wp-block-group is-layout-flow wp-block-group-is-layout-flow\">\n<figure class=\"wp-block-image size-full is-style-rounded is-style-rounded--1\"><img loading=\"lazy\" decoding=\"async\" width=\"1439\" height=\"2560\" src=\"http:\/\/www.m31.com\/wp-content\/uploads\/2024\/02\/mitchell-hartley-UiRwwOz3sNs-unsplash-edited-scaled.jpg\" alt=\"\" class=\"wp-image-168\" style=\"aspect-ratio:2\/3;object-fit:cover\" srcset=\"https:\/\/www.m31.com\/wp-content\/uploads\/2024\/02\/mitchell-hartley-UiRwwOz3sNs-unsplash-edited-scaled.jpg 1439w, https:\/\/www.m31.com\/wp-content\/uploads\/2024\/02\/mitchell-hartley-UiRwwOz3sNs-unsplash-edited-169x300.jpg 169w, https:\/\/www.m31.com\/wp-content\/uploads\/2024\/02\/mitchell-hartley-UiRwwOz3sNs-unsplash-edited-576x1024.jpg 576w, https:\/\/www.m31.com\/wp-content\/uploads\/2024\/02\/mitchell-hartley-UiRwwOz3sNs-unsplash-edited-768x1366.jpg 768w, https:\/\/www.m31.com\/wp-content\/uploads\/2024\/02\/mitchell-hartley-UiRwwOz3sNs-unsplash-edited-864x1536.jpg 864w, https:\/\/www.m31.com\/wp-content\/uploads\/2024\/02\/mitchell-hartley-UiRwwOz3sNs-unsplash-edited-1151x2048.jpg 1151w\" sizes=\"(max-width: 1439px) 100vw, 1439px\" \/><\/figure>\n\n\n\n<p class=\"has-small-font-size\" style=\"font-style:normal;font-weight:300;line-height:1.1\">1. Durante il primo incontro analizziamo da zero, insieme a te, il tuo contesto, il tuo mercato, la tua storia, ascoltando i potenziali spunti di collaborazione. Lo scopo del primo incontro \u00e8 aiutarci ad individuare, tra le mille possibilit\u00e0, le pi\u00f9 promettenti ipotesi di lavoro.<\/p>\n<\/div>\n\n\n\n<div class=\"wp-block-group alignfull is-vertical is-layout-flex wp-container-core-group-is-layout-fed7e1b2 wp-block-group-is-layout-flex\">\n<div style=\"margin-top:0;margin-bottom:0;height:0px\" aria-hidden=\"true\" class=\"wp-block-spacer wp-container-content-9d1f8957\"><\/div>\n\n\n\n<p class=\"has-text-align-right has-large-font-size\" style=\"font-style:normal;font-weight:100;line-height:1.1\">Dopo il secondo incontro star\u00e0 a te decidere se partire nella tua avventura, insieme a noi.<\/p>\n<\/div>\n<\/div>\n<\/div>\n\n\n\n<div class=\"wp-block-column is-layout-flow wp-block-column-is-layout-flow\" style=\"flex-basis:50%\">\n<div class=\"wp-block-group has-global-padding is-layout-constrained wp-block-group-is-layout-constrained\">\n<p class=\"has-large-font-size\" style=\"font-style:normal;font-weight:100;line-height:1.1\">Entrare in contatto con M31 per parlare del Tuo progetto \u00e8 semplice: pianifichiamo due incontri conoscitivi nell&#8217;arco di pochi giorni, dove poter ascoltare i tuoi obiettivi e capire se possiamo costruire un percorso insieme. <\/p>\n\n\n\n<p class=\"has-large-font-size\" style=\"font-style:normal;font-weight:100;line-height:1.1\">L&#8217;investimento richiesto \u00e8 qualche ora del tuo tempo.<\/p>\n\n\n\n<div style=\"height:var(--wp--preset--spacing--40)\" aria-hidden=\"true\" class=\"wp-block-spacer\"><\/div>\n\n\n\n<div class=\"wp-block-group is-layout-flow wp-block-group-is-layout-flow\">\n<figure class=\"wp-block-image size-full is-style-rounded is-style-rounded--2\"><img loading=\"lazy\" decoding=\"async\" width=\"1920\" height=\"2560\" src=\"http:\/\/www.m31.com\/wp-content\/uploads\/2024\/02\/ricardo-frantz-D9lDqguxy4Y-unsplash-scaled.jpg\" alt=\"\" class=\"wp-image-169\" style=\"aspect-ratio:2\/3;object-fit:cover\" srcset=\"https:\/\/www.m31.com\/wp-content\/uploads\/2024\/02\/ricardo-frantz-D9lDqguxy4Y-unsplash-scaled.jpg 1920w, https:\/\/www.m31.com\/wp-content\/uploads\/2024\/02\/ricardo-frantz-D9lDqguxy4Y-unsplash-225x300.jpg 225w, https:\/\/www.m31.com\/wp-content\/uploads\/2024\/02\/ricardo-frantz-D9lDqguxy4Y-unsplash-768x1024.jpg 768w, https:\/\/www.m31.com\/wp-content\/uploads\/2024\/02\/ricardo-frantz-D9lDqguxy4Y-unsplash-1152x1536.jpg 1152w, https:\/\/www.m31.com\/wp-content\/uploads\/2024\/02\/ricardo-frantz-D9lDqguxy4Y-unsplash-1536x2048.jpg 1536w\" sizes=\"(max-width: 1920px) 100vw, 1920px\" \/><\/figure>\n\n\n\n<p class=\"has-small-font-size\" style=\"font-style:normal;font-weight:300;line-height:1.1\">2. Con il secondo incontro scegliere uno o due spunti emersi dal primo incontro e ti proporremo qualche percorso originale e sfidante per raggiungere i tuoi obiettivi. <\/p>\n<\/div>\n<\/div>\n<\/div>\n<\/div>\n<\/div>\n","protected":false},"excerpt":{"rendered":"<p>In M31 viviamo di progettazione: se hai in mente un&#8217;idea, se hai identificato un problema da risolvere, un obiettivo da raggiungere, investi mezza giornata del tuo tempo e vieni a conoscerci, ti dedicheremo il massimo del nostro ascolto per capire se possiamo intraprendere un percorso di sviluppo insieme. Il nostro Approccio Per quanto nuovo e [&hellip;]<\/p>\n","protected":false},"author":1,"featured_media":0,"parent":0,"menu_order":0,"comment_status":"closed","ping_status":"closed","template":"","meta":{"_themeisle_gutenberg_block_has_review":false,"footnotes":""},"class_list":["post-152","page","type-page","status-publish","hentry"],"yoast_head":"<!-- This site is optimized with the Yoast SEO plugin v27.4 - https:\/\/yoast.com\/product\/yoast-seo-wordpress\/ -->\n<title>Il tuo Progetto - M31<\/title>\n<meta name=\"robots\" content=\"index, follow, max-snippet:-1, max-image-preview:large, max-video-preview:-1\" \/>\n<link rel=\"canonical\" href=\"https:\/\/www.m31.com\/?page_id=152\" \/>\n<meta property=\"og:locale\" content=\"it_IT\" \/>\n<meta property=\"og:type\" content=\"article\" \/>\n<meta property=\"og:title\" content=\"Il tuo Progetto - M31\" \/>\n<meta property=\"og:description\" content=\"In M31 viviamo di progettazione: se hai in mente un&#8217;idea, se hai identificato un problema da risolvere, un obiettivo da raggiungere, investi mezza giornata del tuo tempo e vieni a conoscerci, ti dedicheremo il massimo del nostro ascolto per capire se possiamo intraprendere un percorso di sviluppo insieme. Il nostro Approccio Per quanto nuovo e [&hellip;]\" \/>\n<meta property=\"og:url\" content=\"https:\/\/www.m31.com\/?page_id=152\" \/>\n<meta property=\"og:site_name\" content=\"M31\" \/>\n<meta property=\"article:modified_time\" content=\"2024-02-28T17:01:52+00:00\" \/>\n<meta property=\"og:image\" content=\"http:\/\/www.m31.com\/wp-content\/uploads\/2024\/02\/compass-1-150x150.png\" \/>\n<meta name=\"twitter:card\" content=\"summary_large_image\" \/>\n<meta name=\"twitter:label1\" content=\"Tempo di lettura stimato\" \/>\n\t<meta name=\"twitter:data1\" content=\"4 minuti\" \/>\n<script type=\"application\/ld+json\" class=\"yoast-schema-graph\">{\"@context\":\"https:\\\/\\\/schema.org\",\"@graph\":[{\"@type\":\"WebPage\",\"@id\":\"https:\\\/\\\/www.m31.com\\\/?page_id=152\",\"url\":\"https:\\\/\\\/www.m31.com\\\/?page_id=152\",\"name\":\"Il tuo Progetto - M31\",\"isPartOf\":{\"@id\":\"https:\\\/\\\/www.m31.com\\\/#website\"},\"primaryImageOfPage\":{\"@id\":\"https:\\\/\\\/www.m31.com\\\/?page_id=152#primaryimage\"},\"image\":{\"@id\":\"https:\\\/\\\/www.m31.com\\\/?page_id=152#primaryimage\"},\"thumbnailUrl\":\"http:\\\/\\\/www.m31.com\\\/wp-content\\\/uploads\\\/2024\\\/02\\\/compass-1-150x150.png\",\"datePublished\":\"2024-02-18T21:17:58+00:00\",\"dateModified\":\"2024-02-28T17:01:52+00:00\",\"breadcrumb\":{\"@id\":\"https:\\\/\\\/www.m31.com\\\/?page_id=152#breadcrumb\"},\"inLanguage\":\"it-IT\",\"potentialAction\":[{\"@type\":\"ReadAction\",\"target\":[\"https:\\\/\\\/www.m31.com\\\/?page_id=152\"]}]},{\"@type\":\"ImageObject\",\"inLanguage\":\"it-IT\",\"@id\":\"https:\\\/\\\/www.m31.com\\\/?page_id=152#primaryimage\",\"url\":\"https:\\\/\\\/www.m31.com\\\/wp-content\\\/uploads\\\/2024\\\/02\\\/compass-1.png\",\"contentUrl\":\"https:\\\/\\\/www.m31.com\\\/wp-content\\\/uploads\\\/2024\\\/02\\\/compass-1.png\",\"width\":512,\"height\":512},{\"@type\":\"BreadcrumbList\",\"@id\":\"https:\\\/\\\/www.m31.com\\\/?page_id=152#breadcrumb\",\"itemListElement\":[{\"@type\":\"ListItem\",\"position\":1,\"name\":\"Home\",\"item\":\"https:\\\/\\\/www.m31.com\\\/\"},{\"@type\":\"ListItem\",\"position\":2,\"name\":\"Il tuo Progetto\"}]},{\"@type\":\"WebSite\",\"@id\":\"https:\\\/\\\/www.m31.com\\\/#website\",\"url\":\"https:\\\/\\\/www.m31.com\\\/\",\"name\":\"M31\",\"description\":\"With You. Beyond.\",\"publisher\":{\"@id\":\"https:\\\/\\\/www.m31.com\\\/#organization\"},\"potentialAction\":[{\"@type\":\"SearchAction\",\"target\":{\"@type\":\"EntryPoint\",\"urlTemplate\":\"https:\\\/\\\/www.m31.com\\\/?s={search_term_string}\"},\"query-input\":{\"@type\":\"PropertyValueSpecification\",\"valueRequired\":true,\"valueName\":\"search_term_string\"}}],\"inLanguage\":\"it-IT\"},{\"@type\":\"Organization\",\"@id\":\"https:\\\/\\\/www.m31.com\\\/#organization\",\"name\":\"M31\",\"url\":\"https:\\\/\\\/www.m31.com\\\/\",\"logo\":{\"@type\":\"ImageObject\",\"inLanguage\":\"it-IT\",\"@id\":\"https:\\\/\\\/www.m31.com\\\/#\\\/schema\\\/logo\\\/image\\\/\",\"url\":\"https:\\\/\\\/www.m31.com\\\/wp-content\\\/uploads\\\/2024\\\/03\\\/m31logo2024.png\",\"contentUrl\":\"https:\\\/\\\/www.m31.com\\\/wp-content\\\/uploads\\\/2024\\\/03\\\/m31logo2024.png\",\"width\":500,\"height\":625,\"caption\":\"M31\"},\"image\":{\"@id\":\"https:\\\/\\\/www.m31.com\\\/#\\\/schema\\\/logo\\\/image\\\/\"},\"sameAs\":[\"https:\\\/\\\/www.linkedin.com\\\/company\\\/m31tech\\\/\"]}]}<\/script>\n<!-- \/ Yoast SEO plugin. -->","yoast_head_json":{"title":"Il tuo Progetto - M31","robots":{"index":"index","follow":"follow","max-snippet":"max-snippet:-1","max-image-preview":"max-image-preview:large","max-video-preview":"max-video-preview:-1"},"canonical":"https:\/\/www.m31.com\/?page_id=152","og_locale":"it_IT","og_type":"article","og_title":"Il tuo Progetto - M31","og_description":"In M31 viviamo di progettazione: se hai in mente un&#8217;idea, se hai identificato un problema da risolvere, un obiettivo da raggiungere, investi mezza giornata del tuo tempo e vieni a conoscerci, ti dedicheremo il massimo del nostro ascolto per capire se possiamo intraprendere un percorso di sviluppo insieme. Il nostro Approccio Per quanto nuovo e [&hellip;]","og_url":"https:\/\/www.m31.com\/?page_id=152","og_site_name":"M31","article_modified_time":"2024-02-28T17:01:52+00:00","og_image":[{"url":"http:\/\/www.m31.com\/wp-content\/uploads\/2024\/02\/compass-1-150x150.png","type":"","width":"","height":""}],"twitter_card":"summary_large_image","twitter_misc":{"Tempo di lettura stimato":"4 minuti"},"schema":{"@context":"https:\/\/schema.org","@graph":[{"@type":"WebPage","@id":"https:\/\/www.m31.com\/?page_id=152","url":"https:\/\/www.m31.com\/?page_id=152","name":"Il tuo Progetto - M31","isPartOf":{"@id":"https:\/\/www.m31.com\/#website"},"primaryImageOfPage":{"@id":"https:\/\/www.m31.com\/?page_id=152#primaryimage"},"image":{"@id":"https:\/\/www.m31.com\/?page_id=152#primaryimage"},"thumbnailUrl":"http:\/\/www.m31.com\/wp-content\/uploads\/2024\/02\/compass-1-150x150.png","datePublished":"2024-02-18T21:17:58+00:00","dateModified":"2024-02-28T17:01:52+00:00","breadcrumb":{"@id":"https:\/\/www.m31.com\/?page_id=152#breadcrumb"},"inLanguage":"it-IT","potentialAction":[{"@type":"ReadAction","target":["https:\/\/www.m31.com\/?page_id=152"]}]},{"@type":"ImageObject","inLanguage":"it-IT","@id":"https:\/\/www.m31.com\/?page_id=152#primaryimage","url":"https:\/\/www.m31.com\/wp-content\/uploads\/2024\/02\/compass-1.png","contentUrl":"https:\/\/www.m31.com\/wp-content\/uploads\/2024\/02\/compass-1.png","width":512,"height":512},{"@type":"BreadcrumbList","@id":"https:\/\/www.m31.com\/?page_id=152#breadcrumb","itemListElement":[{"@type":"ListItem","position":1,"name":"Home","item":"https:\/\/www.m31.com\/"},{"@type":"ListItem","position":2,"name":"Il tuo Progetto"}]},{"@type":"WebSite","@id":"https:\/\/www.m31.com\/#website","url":"https:\/\/www.m31.com\/","name":"M31","description":"With You. Beyond.","publisher":{"@id":"https:\/\/www.m31.com\/#organization"},"potentialAction":[{"@type":"SearchAction","target":{"@type":"EntryPoint","urlTemplate":"https:\/\/www.m31.com\/?s={search_term_string}"},"query-input":{"@type":"PropertyValueSpecification","valueRequired":true,"valueName":"search_term_string"}}],"inLanguage":"it-IT"},{"@type":"Organization","@id":"https:\/\/www.m31.com\/#organization","name":"M31","url":"https:\/\/www.m31.com\/","logo":{"@type":"ImageObject","inLanguage":"it-IT","@id":"https:\/\/www.m31.com\/#\/schema\/logo\/image\/","url":"https:\/\/www.m31.com\/wp-content\/uploads\/2024\/03\/m31logo2024.png","contentUrl":"https:\/\/www.m31.com\/wp-content\/uploads\/2024\/03\/m31logo2024.png","width":500,"height":625,"caption":"M31"},"image":{"@id":"https:\/\/www.m31.com\/#\/schema\/logo\/image\/"},"sameAs":["https:\/\/www.linkedin.com\/company\/m31tech\/"]}]}},"_links":{"self":[{"href":"https:\/\/www.m31.com\/index.php?rest_route=\/wp\/v2\/pages\/152","targetHints":{"allow":["GET"]}}],"collection":[{"href":"https:\/\/www.m31.com\/index.php?rest_route=\/wp\/v2\/pages"}],"about":[{"href":"https:\/\/www.m31.com\/index.php?rest_route=\/wp\/v2\/types\/page"}],"author":[{"embeddable":true,"href":"https:\/\/www.m31.com\/index.php?rest_route=\/wp\/v2\/users\/1"}],"replies":[{"embeddable":true,"href":"https:\/\/www.m31.com\/index.php?rest_route=%2Fwp%2Fv2%2Fcomments&post=152"}],"version-history":[{"count":33,"href":"https:\/\/www.m31.com\/index.php?rest_route=\/wp\/v2\/pages\/152\/revisions"}],"predecessor-version":[{"id":935,"href":"https:\/\/www.m31.com\/index.php?rest_route=\/wp\/v2\/pages\/152\/revisions\/935"}],"wp:attachment":[{"href":"https:\/\/www.m31.com\/index.php?rest_route=%2Fwp%2Fv2%2Fmedia&parent=152"}],"curies":[{"name":"wp","href":"https:\/\/api.w.org\/{rel}","templated":true}]}}